{"id":13610,"date":"2026-04-10T07:20:37","date_gmt":"2026-04-10T07:20:37","guid":{"rendered":"https:\/\/uniquelyoursman.shop\/?post_type=product&#038;p=13610"},"modified":"2026-04-10T07:31:37","modified_gmt":"2026-04-10T07:31:37","slug":"panceta-iberica-adobada-y-curada-pieza-de-1kg-envasado-al-vacio-sin-gluten-con-pimenton-de-la-vera","status":"publish","type":"product","link":"https:\/\/uniquelyoursman.shop\/es\/producto\/panceta-iberica-adobada-y-curada-pieza-de-1kg-envasado-al-vacio-sin-gluten-con-pimenton-de-la-vera\/","title":{"rendered":"Panceta ib\u00e9rica ADOBADA y CURADA, pieza de 1kg  ENVASADO AL VAC\u00cdO, sin gluten, con piment\u00f3n de la Vera"},"content":{"rendered":"<div data-elementor-type=\"product-post\" data-elementor-id=\"13610\" class=\"elementor elementor-13610\" data-elementor-post-type=\"product\">\n\t\t\t\t<div class=\"elementor-element elementor-element-65722943 e-flex e-con-boxed e-con e-parent\" data-id=\"65722943\" data-element_type=\"container\" data-settings=\"{&quot;ekit_has_onepagescroll_dot&quot;:&quot;yes&quot;}\">\n\t\t\t\t\t<div class=\"e-con-inner\">\n\t\t\t\t<div class=\"elementor-element elementor-element-69b038dd elementor-widget elementor-widget-image\" data-id=\"69b038dd\" data-element_type=\"widget\" data-settings=\"{&quot;ekit_we_effect_on&quot;:&quot;none&quot;}\" data-widget_type=\"image.default\">\n\t\t\t\t<div class=\"elementor-widget-container\">\n\t\t\t\t\t\t\t\t\t\t\t\t\t\t\t<img loading=\"lazy\" decoding=\"async\" width=\"1464\" height=\"600\" src=\"https:\/\/uniquelyoursman.shop\/wp-content\/uploads\/2026\/04\/4b2b9dea-8fb1-4c60-98e6-c66381e01e1f.__CR001464600_PT0_SX1464_V1___-2.png\" class=\"attachment-full size-full wp-image-13616 wvs-archive-product-image\" alt=\"\" srcset=\"https:\/\/uniquelyoursman.shop\/wp-content\/uploads\/2026\/04\/4b2b9dea-8fb1-4c60-98e6-c66381e01e1f.__CR001464600_PT0_SX1464_V1___-2.png 1464w, https:\/\/uniquelyoursman.shop\/wp-content\/uploads\/2026\/04\/4b2b9dea-8fb1-4c60-98e6-c66381e01e1f.__CR001464600_PT0_SX1464_V1___-2-300x123.png 300w, https:\/\/uniquelyoursman.shop\/wp-content\/uploads\/2026\/04\/4b2b9dea-8fb1-4c60-98e6-c66381e01e1f.__CR001464600_PT0_SX1464_V1___-2-1024x420.png 1024w, https:\/\/uniquelyoursman.shop\/wp-content\/uploads\/2026\/04\/4b2b9dea-8fb1-4c60-98e6-c66381e01e1f.__CR001464600_PT0_SX1464_V1___-2-768x315.png 768w, https:\/\/uniquelyoursman.shop\/wp-content\/uploads\/2026\/04\/4b2b9dea-8fb1-4c60-98e6-c66381e01e1f.__CR001464600_PT0_SX1464_V1___-2-18x7.png 18w, https:\/\/uniquelyoursman.shop\/wp-content\/uploads\/2026\/04\/4b2b9dea-8fb1-4c60-98e6-c66381e01e1f.__CR001464600_PT0_SX1464_V1___-2-600x246.png 600w, https:\/\/uniquelyoursman.shop\/wp-content\/uploads\/2026\/04\/4b2b9dea-8fb1-4c60-98e6-c66381e01e1f.__CR001464600_PT0_SX1464_V1___-2-1x1.png 1w, https:\/\/uniquelyoursman.shop\/wp-content\/uploads\/2026\/04\/4b2b9dea-8fb1-4c60-98e6-c66381e01e1f.__CR001464600_PT0_SX1464_V1___-2-10x4.png 10w\" sizes=\"auto, (max-width: 1464px) 100vw, 1464px\" \/>\t\t\t\t\t\t\t\t\t\t\t\t\t\t\t<\/div>\n\t\t\t\t<\/div>\n\t\t\t\t<div class=\"elementor-element elementor-element-131cdec7 elementor-widget elementor-widget-image\" data-id=\"131cdec7\" data-element_type=\"widget\" data-settings=\"{&quot;ekit_we_effect_on&quot;:&quot;none&quot;}\" data-widget_type=\"image.default\">\n\t\t\t\t<div class=\"elementor-widget-container\">\n\t\t\t\t\t\t\t\t\t\t\t\t\t\t\t<img loading=\"lazy\" decoding=\"async\" width=\"1464\" height=\"600\" src=\"https:\/\/uniquelyoursman.shop\/wp-content\/uploads\/2026\/04\/5ad1ae77-47fe-4c02-b919-d093faea8799.__CR0841464600_PT0_SX1464_V1___.jpg\" class=\"attachment-full size-full wp-image-13617 wvs-archive-product-image\" alt=\"\" srcset=\"https:\/\/uniquelyoursman.shop\/wp-content\/uploads\/2026\/04\/5ad1ae77-47fe-4c02-b919-d093faea8799.__CR0841464600_PT0_SX1464_V1___.jpg 1464w, https:\/\/uniquelyoursman.shop\/wp-content\/uploads\/2026\/04\/5ad1ae77-47fe-4c02-b919-d093faea8799.__CR0841464600_PT0_SX1464_V1___-300x123.jpg 300w, https:\/\/uniquelyoursman.shop\/wp-content\/uploads\/2026\/04\/5ad1ae77-47fe-4c02-b919-d093faea8799.__CR0841464600_PT0_SX1464_V1___-1024x420.jpg 1024w, https:\/\/uniquelyoursman.shop\/wp-content\/uploads\/2026\/04\/5ad1ae77-47fe-4c02-b919-d093faea8799.__CR0841464600_PT0_SX1464_V1___-768x315.jpg 768w, https:\/\/uniquelyoursman.shop\/wp-content\/uploads\/2026\/04\/5ad1ae77-47fe-4c02-b919-d093faea8799.__CR0841464600_PT0_SX1464_V1___-18x7.jpg 18w, https:\/\/uniquelyoursman.shop\/wp-content\/uploads\/2026\/04\/5ad1ae77-47fe-4c02-b919-d093faea8799.__CR0841464600_PT0_SX1464_V1___-600x246.jpg 600w, https:\/\/uniquelyoursman.shop\/wp-content\/uploads\/2026\/04\/5ad1ae77-47fe-4c02-b919-d093faea8799.__CR0841464600_PT0_SX1464_V1___-1x1.jpg 1w, https:\/\/uniquelyoursman.shop\/wp-content\/uploads\/2026\/04\/5ad1ae77-47fe-4c02-b919-d093faea8799.__CR0841464600_PT0_SX1464_V1___-10x4.jpg 10w\" sizes=\"auto, (max-width: 1464px) 100vw, 1464px\" \/>\t\t\t\t\t\t\t\t\t\t\t\t\t\t\t<\/div>\n\t\t\t\t<\/div>\n\t\t\t\t<div class=\"elementor-element elementor-element-40ad792 elementor-widget elementor-widget-image\" data-id=\"40ad792\" data-element_type=\"widget\" data-settings=\"{&quot;ekit_we_effect_on&quot;:&quot;none&quot;}\" data-widget_type=\"image.default\">\n\t\t\t\t<div class=\"elementor-widget-container\">\n\t\t\t\t\t\t\t\t\t\t\t\t\t\t\t<img loading=\"lazy\" decoding=\"async\" width=\"800\" height=\"600\" src=\"https:\/\/uniquelyoursman.shop\/wp-content\/uploads\/2026\/04\/bc8575f6-1e9b-46fc-96cf-90334d16d769.__CR00800600_PT0_SX800_V1___-1.png\" class=\"attachment-full size-full wp-image-13618 wvs-archive-product-image\" alt=\"\" srcset=\"https:\/\/uniquelyoursman.shop\/wp-content\/uploads\/2026\/04\/bc8575f6-1e9b-46fc-96cf-90334d16d769.__CR00800600_PT0_SX800_V1___-1.png 800w, https:\/\/uniquelyoursman.shop\/wp-content\/uploads\/2026\/04\/bc8575f6-1e9b-46fc-96cf-90334d16d769.__CR00800600_PT0_SX800_V1___-1-300x225.png 300w, https:\/\/uniquelyoursman.shop\/wp-content\/uploads\/2026\/04\/bc8575f6-1e9b-46fc-96cf-90334d16d769.__CR00800600_PT0_SX800_V1___-1-768x576.png 768w, https:\/\/uniquelyoursman.shop\/wp-content\/uploads\/2026\/04\/bc8575f6-1e9b-46fc-96cf-90334d16d769.__CR00800600_PT0_SX800_V1___-1-16x12.png 16w, https:\/\/uniquelyoursman.shop\/wp-content\/uploads\/2026\/04\/bc8575f6-1e9b-46fc-96cf-90334d16d769.__CR00800600_PT0_SX800_V1___-1-600x450.png 600w, https:\/\/uniquelyoursman.shop\/wp-content\/uploads\/2026\/04\/bc8575f6-1e9b-46fc-96cf-90334d16d769.__CR00800600_PT0_SX800_V1___-1-1x1.png 1w, https:\/\/uniquelyoursman.shop\/wp-content\/uploads\/2026\/04\/bc8575f6-1e9b-46fc-96cf-90334d16d769.__CR00800600_PT0_SX800_V1___-1-10x8.png 10w\" sizes=\"auto, (max-width: 800px) 100vw, 800px\" \/>\t\t\t\t\t\t\t\t\t\t\t\t\t\t\t<\/div>\n\t\t\t\t<\/div>\n\t\t\t\t<div class=\"elementor-element elementor-element-6bfd2a22 elementor-widget elementor-widget-image\" data-id=\"6bfd2a22\" data-element_type=\"widget\" data-settings=\"{&quot;ekit_we_effect_on&quot;:&quot;none&quot;}\" data-widget_type=\"image.default\">\n\t\t\t\t<div class=\"elementor-widget-container\">\n\t\t\t\t\t\t\t\t\t\t\t\t\t\t\t<img loading=\"lazy\" decoding=\"async\" width=\"1464\" height=\"600\" src=\"https:\/\/uniquelyoursman.shop\/wp-content\/uploads\/2026\/04\/08c454e7-fb13-4d08-8216-dca1f651958d.__CR001464600_PT0_SX1464_V1___.png\" class=\"attachment-full size-full wp-image-13620 wvs-archive-product-image\" alt=\"\" srcset=\"https:\/\/uniquelyoursman.shop\/wp-content\/uploads\/2026\/04\/08c454e7-fb13-4d08-8216-dca1f651958d.__CR001464600_PT0_SX1464_V1___.png 1464w, https:\/\/uniquelyoursman.shop\/wp-content\/uploads\/2026\/04\/08c454e7-fb13-4d08-8216-dca1f651958d.__CR001464600_PT0_SX1464_V1___-300x123.png 300w, https:\/\/uniquelyoursman.shop\/wp-content\/uploads\/2026\/04\/08c454e7-fb13-4d08-8216-dca1f651958d.__CR001464600_PT0_SX1464_V1___-1024x420.png 1024w, https:\/\/uniquelyoursman.shop\/wp-content\/uploads\/2026\/04\/08c454e7-fb13-4d08-8216-dca1f651958d.__CR001464600_PT0_SX1464_V1___-768x315.png 768w, https:\/\/uniquelyoursman.shop\/wp-content\/uploads\/2026\/04\/08c454e7-fb13-4d08-8216-dca1f651958d.__CR001464600_PT0_SX1464_V1___-18x7.png 18w, https:\/\/uniquelyoursman.shop\/wp-content\/uploads\/2026\/04\/08c454e7-fb13-4d08-8216-dca1f651958d.__CR001464600_PT0_SX1464_V1___-600x246.png 600w, https:\/\/uniquelyoursman.shop\/wp-content\/uploads\/2026\/04\/08c454e7-fb13-4d08-8216-dca1f651958d.__CR001464600_PT0_SX1464_V1___-1x1.png 1w, https:\/\/uniquelyoursman.shop\/wp-content\/uploads\/2026\/04\/08c454e7-fb13-4d08-8216-dca1f651958d.__CR001464600_PT0_SX1464_V1___-10x4.png 10w\" sizes=\"auto, (max-width: 1464px) 100vw, 1464px\" \/>\t\t\t\t\t\t\t\t\t\t\t\t\t\t\t<\/div>\n\t\t\t\t<\/div>\n\t\t\t\t<div class=\"elementor-element elementor-element-604850ee elementor-widget elementor-widget-image\" data-id=\"604850ee\" data-element_type=\"widget\" data-settings=\"{&quot;ekit_we_effect_on&quot;:&quot;none&quot;}\" data-widget_type=\"image.default\">\n\t\t\t\t<div class=\"elementor-widget-container\">\n\t\t\t\t\t\t\t\t\t\t\t\t\t\t\t<img loading=\"lazy\" decoding=\"async\" width=\"1464\" height=\"600\" src=\"https:\/\/uniquelyoursman.shop\/wp-content\/uploads\/2026\/04\/1cfe2857-d486-4112-affe-a30609ad20b8.__CR03891464600_PT0_SX1464_V1___.jpg\" class=\"attachment-full size-full wp-image-13621 wvs-archive-product-image\" alt=\"\" srcset=\"https:\/\/uniquelyoursman.shop\/wp-content\/uploads\/2026\/04\/1cfe2857-d486-4112-affe-a30609ad20b8.__CR03891464600_PT0_SX1464_V1___.jpg 1464w, https:\/\/uniquelyoursman.shop\/wp-content\/uploads\/2026\/04\/1cfe2857-d486-4112-affe-a30609ad20b8.__CR03891464600_PT0_SX1464_V1___-300x123.jpg 300w, https:\/\/uniquelyoursman.shop\/wp-content\/uploads\/2026\/04\/1cfe2857-d486-4112-affe-a30609ad20b8.__CR03891464600_PT0_SX1464_V1___-1024x420.jpg 1024w, https:\/\/uniquelyoursman.shop\/wp-content\/uploads\/2026\/04\/1cfe2857-d486-4112-affe-a30609ad20b8.__CR03891464600_PT0_SX1464_V1___-768x315.jpg 768w, https:\/\/uniquelyoursman.shop\/wp-content\/uploads\/2026\/04\/1cfe2857-d486-4112-affe-a30609ad20b8.__CR03891464600_PT0_SX1464_V1___-18x7.jpg 18w, https:\/\/uniquelyoursman.shop\/wp-content\/uploads\/2026\/04\/1cfe2857-d486-4112-affe-a30609ad20b8.__CR03891464600_PT0_SX1464_V1___-600x246.jpg 600w, https:\/\/uniquelyoursman.shop\/wp-content\/uploads\/2026\/04\/1cfe2857-d486-4112-affe-a30609ad20b8.__CR03891464600_PT0_SX1464_V1___-1x1.jpg 1w, https:\/\/uniquelyoursman.shop\/wp-content\/uploads\/2026\/04\/1cfe2857-d486-4112-affe-a30609ad20b8.__CR03891464600_PT0_SX1464_V1___-10x4.jpg 10w\" sizes=\"auto, (max-width: 1464px) 100vw, 1464px\" \/>\t\t\t\t\t\t\t\t\t\t\t\t\t\t\t<\/div>\n\t\t\t\t<\/div>\n\t\t\t\t<div class=\"elementor-element elementor-element-ce60c02 elementor-widget elementor-widget-text-editor\" data-id=\"ce60c02\" data-element_type=\"widget\" data-settings=\"{&quot;ekit_we_effect_on&quot;:&quot;none&quot;}\" data-widget_type=\"text-editor.default\">\n\t\t\t\t<div class=\"elementor-widget-container\">\n\t\t\t\t\t\t\t\t\t<div><div><div><div><div><div><div><div><div><div><div><div><div dir=\"ltr\"><h3>\ud83e\udd53 Premium Cured &amp; Marinated Iberian Pork Belly<\/h3><div>\u00a0<\/div><div>Authentic Iberian pork belly, carefully <strong>adobada (marinated)<\/strong> and slowly cured to develop a deep, traditional flavour. This 1kg piece brings genuine Spanish charcuterie quality to your kitchen, perfect for roasting, frying, or tapas.<\/div><div>\u00a0<\/div><h3>\ud83c\udf36\ufe0f Enhanced with Authentic Piment\u00f3n de la Vera<\/h3><div>\u00a0<\/div><div>Infused with real <strong>Piment\u00f3n de la Vera<\/strong> smoked paprika, giving it a distinctive smoky aroma and rich, balanced taste. The natural seasoning creates an authentic, savoury profile that highlights the quality of the Iberian meat.<\/div><div>\u00a0<\/div><h3>\ud83e\uddca Vacuum-Sealed Freshness &amp; Gluten-Free<\/h3><div>\u00a0<\/div><div>Packaged in vacuum-sealed packaging to lock in freshness, aroma, and texture for longer. This product is <strong>gluten-free<\/strong>, making it suitable for a wide range of diets while maintaining full traditional flavour.<\/div><div>\u00a0<\/div><h3>\ud83c\udf7d\ufe0f Versatile 1kg Cut for Home &amp; Gatherings<\/h3><div>\u00a0<\/div><div>This generous 1kg piece is ideal for family meals, tapas nights, barbecues, and entertaining. Easy to prepare and full of character, it delivers the true taste of cured Iberian pork in every bite.<\/div><div>\u00a0<\/div><\/div><\/div><\/div><\/div><\/div><\/div><\/div><\/div><\/div><\/div><\/div><\/div><\/div><div><div><div><div><div>\u00a0<\/div><\/div><\/div><\/div><\/div>\t\t\t\t\t\t\t\t<\/div>\n\t\t\t\t<\/div>\n\t\t\t\t<div class=\"elementor-element elementor-element-4ed92e03 elementor-widget elementor-widget-text-editor\" data-id=\"4ed92e03\" data-element_type=\"widget\" data-settings=\"{&quot;ekit_we_effect_on&quot;:&quot;none&quot;}\" data-widget_type=\"text-editor.default\">\n\t\t\t\t<div class=\"elementor-widget-container\">\n\t\t\t\t\t\t\t\t\t<!DOCTYPE html>\n<html lang=\"en\">\n<head>\n<meta charset=\"UTF-8\">\n<meta name=\"viewport\" content=\"width=device-width, initial-scale=1.0\">\n<title>Product Details<\/title>\n<style>\n  * {\n    margin: 0;\n    padding: 0;\n    box-sizing: border-box;\n  }\n  body {\n    background: transparent;\n    font-family: 'Inter', 'Segoe UI', system-ui, sans-serif;\n  }\n  .spec-table {\n    width: 100%;\n    border-collapse: collapse;\n    font-size: 14px;\n    line-height: 1.8;\n  }\n  .spec-table tr {\n    border-bottom: 1px solid #e6eef7;\n  }\n  .spec-table td:nth-child(1),\n  .spec-table td:nth-child(3) {\n    width: 20%;\n    font-weight: 500;\n    color: #2d70b3;\n    background: #f5f9ff;\n    padding: 12px 14px;\n    text-align: left;\n    vertical-align: top;\n  }\n  .spec-table td:nth-child(2),\n  .spec-table td:nth-child(4) {\n    width: 30%;\n    color: #333;\n    background: #fff;\n    padding: 12px 14px;\n    text-align: left;\n    vertical-align: top;\n  }\n<\/style>\n<\/head>\n<body>\n\n<table class=\"spec-table\">\n  <tr>\n    <td>Producto<\/td>\n    <td>Iberian Pork Belly<\/td>\n    <td>Process<\/td>\n    <td>Marinated &#038; Cured<\/td>\n  <\/tr>\n  <tr>\n    <td>Weight<\/td>\n    <td>1 kg<\/td>\n    <td>Packaging<\/td>\n    <td>Vacuum Packed<\/td>\n  <\/tr>\n  <tr>\n    <td>Allergen<\/td>\n    <td>Gluten Free<\/td>\n    <td>Seasoning<\/td>\n    <td>La Vera Paprika<\/td>\n  <\/tr>\n  <tr>\n    <td>Type<\/td>\n    <td>Iberian Cold Cut<\/td>\n    <td>Feature<\/td>\n    <td>Traditional Recipe<\/td>\n  <\/tr>\n<\/table>\n\n<\/body>\n<\/html>\t\t\t\t\t\t\t\t<\/div>\n\t\t\t\t<\/div>\n\t\t\t\t\t<\/div>\n\t\t\t\t<\/div>\n\t\t\t\t<\/div>","protected":false},"excerpt":{"rendered":"<p>\ud83e\udd53 Premium Cured &amp; Marinated Iberian Pork Belly \u00a0Authentic Iberian pork belly, carefully adobada (marinated) and slowly cured to develop&#8230;<\/p>","protected":false},"featured_media":13611,"comment_status":"open","ping_status":"closed","template":"","meta":{"_acf_changed":false},"etheme_brands":[],"product_brand":[],"product_cat":[118],"product_tag":[],"class_list":{"0":"post-13610","1":"product","2":"type-product","3":"status-publish","4":"has-post-thumbnail","6":"product_cat-sale-shop","8":"first","9":"instock","10":"sale","11":"shipping-taxable","12":"purchasable","13":"product-type-simple"},"acf":[],"_links":{"self":[{"href":"https:\/\/uniquelyoursman.shop\/es\/wp-json\/wp\/v2\/product\/13610","targetHints":{"allow":["GET"]}}],"collection":[{"href":"https:\/\/uniquelyoursman.shop\/es\/wp-json\/wp\/v2\/product"}],"about":[{"href":"https:\/\/uniquelyoursman.shop\/es\/wp-json\/wp\/v2\/types\/product"}],"replies":[{"embeddable":true,"href":"https:\/\/uniquelyoursman.shop\/es\/wp-json\/wp\/v2\/comments?post=13610"}],"version-history":[{"count":4,"href":"https:\/\/uniquelyoursman.shop\/es\/wp-json\/wp\/v2\/product\/13610\/revisions"}],"predecessor-version":[{"id":13627,"href":"https:\/\/uniquelyoursman.shop\/es\/wp-json\/wp\/v2\/product\/13610\/revisions\/13627"}],"wp:featuredmedia":[{"embeddable":true,"href":"https:\/\/uniquelyoursman.shop\/es\/wp-json\/wp\/v2\/media\/13611"}],"wp:attachment":[{"href":"https:\/\/uniquelyoursman.shop\/es\/wp-json\/wp\/v2\/media?parent=13610"}],"wp:term":[{"taxonomy":"brand","embeddable":true,"href":"https:\/\/uniquelyoursman.shop\/es\/wp-json\/wp\/v2\/etheme_brands?post=13610"},{"taxonomy":"product_brand","embeddable":true,"href":"https:\/\/uniquelyoursman.shop\/es\/wp-json\/wp\/v2\/product_brand?post=13610"},{"taxonomy":"product_cat","embeddable":true,"href":"https:\/\/uniquelyoursman.shop\/es\/wp-json\/wp\/v2\/product_cat?post=13610"},{"taxonomy":"product_tag","embeddable":true,"href":"https:\/\/uniquelyoursman.shop\/es\/wp-json\/wp\/v2\/product_tag?post=13610"}],"curies":[{"name":"wp","href":"https:\/\/api.w.org\/{rel}","templated":true}]}}